{"id":117,"date":"2026-05-12T03:51:38","date_gmt":"2026-05-12T03:51:38","guid":{"rendered":"https:\/\/gestohumano.cl\/?page_id=117"},"modified":"2026-05-12T03:51:39","modified_gmt":"2026-05-12T03:51:39","slug":"en-construccion","status":"publish","type":"page","link":"https:\/\/gestohumano.cl\/","title":{"rendered":"En Construccion"},"content":{"rendered":"\n[et_pb_section fb_built=\u00bb1&#8243; custom_padding_last_edited=\u00bbon|desktop\u00bb admin_label=\u00bbsection\u00bb module_class=\u00bbwork interiorHero\u00bb _builder_version=\u00bb4.27.6&#8243; background_color=\u00bb#000000&#8243; use_background_color_gradient=\u00bbon\u00bb background_color_gradient_type=\u00bbcircular\u00bb background_color_gradient_stops=\u00bbrgba(0,0,0,0.5) 47%|rgba(0,0,0,0.7) 100%\u00bb background_color_gradient_overlays_image=\u00bbon\u00bb background_color_gradient_start=\u00bbrgba(0,0,0,0.5)\u00bb background_color_gradient_start_position=\u00bb47%\u00bb background_color_gradient_end=\u00bbrgba(0,0,0,0.7)\u00bb background_image=\u00bbhttps:\/\/gestohumano.cl\/wp-content\/uploads\/2026\/05\/fondo2.jpg\u00bb custom_padding=\u00bb150px||150px|\u00bb custom_padding_tablet=\u00bb\u00bb custom_padding_phone=\u00bb100px||100px|\u00bb hover_enabled=\u00bb0&#8243; custom_css_before=\u00bbcontent:%22%22;||display: block;||height: 100%;||position: absolute;||top: 0;||left: 0;||width: 100%;||background-color: rgba(0, 0, 0, 0.1);\u00bb global_colors_info=\u00bb{}\u00bb title_text=\u00bbfondo2&#8243; sticky_enabled=\u00bb0&#8243;][et_pb_row admin_label=\u00bbrow\u00bb _builder_version=\u00bb4.16&#8243; background_size=\u00bbinitial\u00bb background_position=\u00bbtop_left\u00bb background_repeat=\u00bbrepeat\u00bb custom_margin_last_edited=\u00bboff|desktop\u00bb custom_css_main_element=\u00bbposition: relative;||z-index: 9;\u00bb global_colors_info=\u00bb{}\u00bb][et_pb_column type=\u00bb4_4&#8243; _builder_version=\u00bb4.16&#8243; background_position=\u00bbtop_left\u00bb custom_padding=\u00bb|||\u00bb global_colors_info=\u00bb{}\u00bb custom_padding__hover=\u00bb|||\u00bb][et_pb_text admin_label=\u00bbWelcome to Your Brand\u00bb module_class=\u00bbheroHeading\u00bb _builder_version=\u00bb4.16&#8243; text_orientation=\u00bbcenter\u00bb background_layout=\u00bbdark\u00bb module_alignment=\u00bbcenter\u00bb custom_margin=\u00bb||10px|\u00bb global_colors_info=\u00bb{}\u00bb]<h1><span style=\"color: #ffffff;\"><strong>Bienvenido a Gesto Humano<\/strong><\/span><\/h1>[\/et_pb_text][et_pb_text _builder_version=\u00bb4.16&#8243; text_orientation=\u00bbcenter\u00bb background_layout=\u00bbdark\u00bb module_alignment=\u00bbcenter\u00bb custom_padding=\u00bb15px|||||\u00bb global_colors_info=\u00bb{}\u00bb]<h5><span style=\"font-size: x-large;\"><em><span style=\"color: #ffffff;\"><strong>\u00abUn peque\u00f1o gesto humano puede cambiarlo todo\u00bb<\/strong><\/span><\/em><\/span><\/h5>[\/et_pb_text][\/et_pb_column][\/et_pb_row][\/et_pb_section][et_pb_section fb_built=\u00bb1&#8243; admin_label=\u00bbsection\u00bb module_class=\u00bbcontactForm\u00bb _builder_version=\u00bb4.16&#8243; global_colors_info=\u00bb{}\u00bb][et_pb_row admin_label=\u00bbrow\u00bb _builder_version=\u00bb4.16&#8243; global_colors_info=\u00bb{}\u00bb][et_pb_column type=\u00bb4_4&#8243; _builder_version=\u00bb4.16&#8243; custom_padding=\u00bb|||\u00bb global_colors_info=\u00bb{}\u00bb custom_padding__hover=\u00bb|||\u00bb][et_pb_text _builder_version=\u00bb4.16&#8243; max_width=\u00bb66%\u00bb max_width_tablet=\u00bb100%\u00bb max_width_phone=\u00bb\u00bb max_width_last_edited=\u00bbon|phone\u00bb module_alignment=\u00bbcenter\u00bb global_colors_info=\u00bb{}\u00bb]<h2>Nuestro sitio estar\u00e1 disponible<br \/><span style=\"color: #bf9e77;\">muy pronto.<\/span><\/h2>\n<p><span>En Gesto Humano, creemos que el cambio genuino no se logra con soluciones r\u00e1pidas, sino con un enfoque integral y un compromiso constante<\/span><\/p>\n<p>Pronto nuestro sitio web estar\u00e1 disponible. Mientras tanto nos puedes contactar a nuestro correo electr\u00f3nico.<\/p>\n<p><strong>Email: <\/strong><a href=\"mailto:contacto@gestohumano.com\">contacto@gestohumano.com<\/a><\/p>[\/et_pb_text][\/et_pb_column][\/et_pb_row][\/et_pb_section][et_pb_section fb_built=\u00bb1&#8243; module_class=\u00bbbackgroundImage\u00bb _builder_version=\u00bb4.16&#8243; background_color_gradient_start=\u00bb#bf9e77&#8243; background_color_gradient_end=\u00bbrgba(191,158,119,0.91)\u00bb background_image=\u00bbhttps:\/\/gestohumano.cl\/wp-content\/uploads\/2026\/05\/pexels-photo-196644.jpeg\u00bb parallax=\u00bbon\u00bb parallax_method=\u00bboff\u00bb custom_padding=\u00bb200px||200px|\u00bb top_divider_style=\u00bbslant2&#8243; top_divider_color=\u00bb#ffffff\u00bb top_divider_flip=\u00bbhorizontal\u00bb bottom_divider_style=\u00bbslant2&#8243; bottom_divider_color=\u00bb#ffffff\u00bb bottom_divider_flip=\u00bbhorizontal\u00bb global_colors_info=\u00bb{}\u00bb][et_pb_row _builder_version=\u00bb4.16&#8243; custom_margin=\u00bb0px||0px|\u00bb custom_padding=\u00bb0px||0px|\u00bb global_colors_info=\u00bb{}\u00bb][et_pb_column type=\u00bb4_4&#8243; _builder_version=\u00bb4.16&#8243; background_position=\u00bbtop_left\u00bb custom_padding=\u00bb0px||0px|\u00bb global_colors_info=\u00bb{}\u00bb custom_padding__hover=\u00bb|||\u00bb][et_pb_divider show_divider=\u00bboff\u00bb disabled_on=\u00bboff\u00bb admin_label=\u00bbBackground Image\u00bb _builder_version=\u00bb4.16&#8243; height=\u00bb50px\u00bb global_colors_info=\u00bb{}\u00bb][\/et_pb_divider][\/et_pb_column][\/et_pb_row][\/et_pb_section][et_pb_section fb_built=\u00bb1&#8243; admin_label=\u00bbsection\u00bb module_class=\u00bbtestimonials\u00bb _builder_version=\u00bb4.16&#8243; background_size=\u00bbinitial\u00bb background_position=\u00bbbottom_center\u00bb custom_padding=\u00bb0px||0px|\u00bb global_colors_info=\u00bb{}\u00bb][et_pb_row use_custom_gutter=\u00bbon\u00bb gutter_width=\u00bb1&#8243; admin_label=\u00bbrow\u00bb module_class=\u00bb et_pb_row_fullwidth\u00bb _builder_version=\u00bb4.16&#8243; parallax=\u00bbon\u00bb background_video_width=\u00bb1280&#8243; background_video_height=\u00bb720&#8243; width=\u00bb100%\u00bb width_tablet=\u00bb100%\u00bb width_phone=\u00bb100%\u00bb width_last_edited=\u00bbon|desktop\u00bb max_width=\u00bb100%\u00bb max_width_tablet=\u00bb100%\u00bb max_width_phone=\u00bb100%\u00bb max_width_last_edited=\u00bbon|desktop\u00bb custom_padding=\u00bb80px|80px|80px|80px\u00bb make_fullwidth=\u00bbon\u00bb global_colors_info=\u00bb{}\u00bb][et_pb_column type=\u00bb4_4&#8243; _builder_version=\u00bb4.16&#8243; background_position=\u00bbtop_left\u00bb custom_padding=\u00bb|||\u00bb global_colors_info=\u00bb{}\u00bb custom_padding__hover=\u00bb|||\u00bb][et_pb_text _builder_version=\u00bb4.27.6&#8243; _module_preset=\u00bbdefault\u00bb global_colors_info=\u00bb{}\u00bb]<p style=\"text-align: center;\"><span>\u00ab\u00bfEst\u00e1s listo para dar el siguiente paso en tu viaje de desarrollo personal? \u00ab<\/span><\/p>\n<p style=\"text-align: center;\">\u00danete a nuestros programas y descubre c\u00f3mo nuestras metodolog\u00edas integrales pueden transformar tu vida.<\/p>[\/et_pb_text][et_pb_image src=\u00bbhttps:\/\/gestohumano.cl\/wp-content\/uploads\/2025\/10\/logo-gesto.png\u00bb title_text=\u00bblogo gesto\u00bb align=\u00bbcenter\u00bb _builder_version=\u00bb4.27.6&#8243; _module_preset=\u00bbdefault\u00bb width=\u00bb10%\u00bb custom_padding=\u00bb36px||||false|false\u00bb global_colors_info=\u00bb{}\u00bb][\/et_pb_image][\/et_pb_column][\/et_pb_row][\/et_pb_section]\n","protected":false},"excerpt":{"rendered":"<p>Bienvenido a Gesto Humano\u00bbUn peque\u00f1o gesto humano puede cambiarlo todo\u00bbNuestro sitio estar\u00e1 disponiblemuy pronto. En Gesto Humano, creemos que el cambio genuino no se logra con soluciones r\u00e1pidas, sino con un enfoque integral y un compromiso constante Pronto nuestro sitio web estar\u00e1 disponible. Mientras tanto nos puedes contactar a nuestro correo electr\u00f3nico. Email: contacto@gestohumano.com\u00bb\u00bfEst\u00e1s listo [&hellip;]<\/p>\n","protected":false},"author":2,"featured_media":0,"parent":0,"menu_order":0,"comment_status":"closed","ping_status":"closed","template":"page-template-blank.php","meta":{"_et_pb_use_builder":"on","_et_pb_old_content":"","_et_gb_content_width":"","footnotes":""},"class_list":["post-117","page","type-page","status-publish","hentry"],"_links":{"self":[{"href":"https:\/\/gestohumano.cl\/index.php?rest_route=\/wp\/v2\/pages\/117","targetHints":{"allow":["GET"]}}],"collection":[{"href":"https:\/\/gestohumano.cl\/index.php?rest_route=\/wp\/v2\/pages"}],"about":[{"href":"https:\/\/gestohumano.cl\/index.php?rest_route=\/wp\/v2\/types\/page"}],"author":[{"embeddable":true,"href":"https:\/\/gestohumano.cl\/index.php?rest_route=\/wp\/v2\/users\/2"}],"replies":[{"embeddable":true,"href":"https:\/\/gestohumano.cl\/index.php?rest_route=%2Fwp%2Fv2%2Fcomments&post=117"}],"version-history":[{"count":5,"href":"https:\/\/gestohumano.cl\/index.php?rest_route=\/wp\/v2\/pages\/117\/revisions"}],"predecessor-version":[{"id":129,"href":"https:\/\/gestohumano.cl\/index.php?rest_route=\/wp\/v2\/pages\/117\/revisions\/129"}],"wp:attachment":[{"href":"https:\/\/gestohumano.cl\/index.php?rest_route=%2Fwp%2Fv2%2Fmedia&parent=117"}],"curies":[{"name":"wp","href":"https:\/\/api.w.org\/{rel}","templated":true}]}}