{"id":59,"date":"2026-05-09T19:28:36","date_gmt":"2026-05-09T19:28:36","guid":{"rendered":"https:\/\/gestohumano.cl\/?page_id=59"},"modified":"2026-05-09T19:28:38","modified_gmt":"2026-05-09T19:28:38","slug":"landing-page","status":"publish","type":"page","link":"https:\/\/gestohumano.cl\/","title":{"rendered":"Landing Page"},"content":{"rendered":"\n[et_pb_section fb_built=\u00bb1&#8243; _builder_version=\u00bb4.27.6&#8243; _module_preset=\u00bbdefault\u00bb global_colors_info=\u00bb{}\u00bb][et_pb_row _builder_version=\u00bb4.27.6&#8243; _module_preset=\u00bbdefault\u00bb global_colors_info=\u00bb{}\u00bb][et_pb_column type=\u00bb4_4&#8243; _builder_version=\u00bb4.27.6&#8243; _module_preset=\u00bbdefault\u00bb global_colors_info=\u00bb{}\u00bb][et_pb_heading title=\u00bb%22EL GESTO QUE CAMBIA TODO%22&#8243; _builder_version=\u00bb4.27.6&#8243; _module_preset=\u00bbdefault\u00bb hover_enabled=\u00bb0&#8243; global_colors_info=\u00bb{}\u00bb sticky_enabled=\u00bb0&#8243; title_text_align=\u00bbcenter\u00bb][\/et_pb_heading][et_pb_text _builder_version=\u00bb4.27.6&#8243; _module_preset=\u00bbdefault\u00bb global_colors_info=\u00bb{}\u00bb]<p>Un peque\u00f1o gesto humano puede cambiarlo todo.<\/p>[\/et_pb_text][\/et_pb_column][\/et_pb_row][et_pb_row column_structure=\u00bb1_2,1_2&#8243; _builder_version=\u00bb4.27.6&#8243; _module_preset=\u00bbdefault\u00bb global_colors_info=\u00bb{}\u00bb][et_pb_column type=\u00bb1_2&#8243; _builder_version=\u00bb4.27.6&#8243; _module_preset=\u00bbdefault\u00bb global_colors_info=\u00bb{}\u00bb][et_pb_image src=\u00bbhttps:\/\/gestohumano.cl\/wp-content\/uploads\/2026\/05\/estres1.jpg\u00bb title_text=\u00bbestres1&#8243; _builder_version=\u00bb4.27.6&#8243; _module_preset=\u00bbdefault\u00bb global_colors_info=\u00bb{}\u00bb][\/et_pb_image][\/et_pb_column][et_pb_column type=\u00bb1_2&#8243; _builder_version=\u00bb4.27.6&#8243; _module_preset=\u00bbdefault\u00bb global_colors_info=\u00bb{}\u00bb][et_pb_text _builder_version=\u00bb4.27.6&#8243; _module_preset=\u00bbdefault\u00bb global_colors_info=\u00bb{}\u00bb]<ul>\n<li dir=\"auto\">Estamos rodeados de estr\u00e9s, agresividad y desconexi\u00f3n.<\/li>\n<\/ul>\n<div dir=\"auto\"><\/div>\n<ul>\n<li dir=\"auto\">Queremos impulsar una cultura de buen trato, autocuidado y solidaridad entre las personas.<\/li>\n<\/ul>\n<div dir=\"auto\"><\/div>\n<ul>\n<li dir=\"auto\">Porque la forma en que nos tratamos construye el mundo en que vivimos.<\/li>\n<\/ul>[\/et_pb_text][et_pb_button button_text=\u00bbQUIERO SER PARTE\u00bb _builder_version=\u00bb4.27.6&#8243; _module_preset=\u00bbdefault\u00bb global_colors_info=\u00bb{}\u00bb][\/et_pb_button][\/et_pb_column][\/et_pb_row][et_pb_row _builder_version=\u00bb4.27.6&#8243; _module_preset=\u00bbdefault\u00bb global_colors_info=\u00bb{}\u00bb][et_pb_column type=\u00bb4_4&#8243; _builder_version=\u00bb4.27.6&#8243; _module_preset=\u00bbdefault\u00bb global_colors_info=\u00bb{}\u00bb][et_pb_divider _builder_version=\u00bb4.27.6&#8243; _module_preset=\u00bbdefault\u00bb global_colors_info=\u00bb{}\u00bb][\/et_pb_divider][\/et_pb_column][\/et_pb_row][et_pb_row _builder_version=\u00bb4.27.6&#8243; _module_preset=\u00bbdefault\u00bb hover_enabled=\u00bb0&#8243; global_colors_info=\u00bb{}\u00bb sticky_enabled=\u00bb0&#8243;][et_pb_column type=\u00bb4_4&#8243; _builder_version=\u00bb4.27.6&#8243; _module_preset=\u00bbdefault\u00bb global_colors_info=\u00bb{}\u00bb][et_pb_video_slider _builder_version=\u00bb4.27.6&#8243; _module_preset=\u00bbdefault\u00bb global_colors_info=\u00bb{}\u00bb][et_pb_video_slider_item src=\u00bbhttps:\/\/www.youtube.com\/watch?v=FkQuawiGWUw\u00bb _builder_version=\u00bb4.27.6&#8243; _module_preset=\u00bbdefault\u00bb global_colors_info=\u00bb{}\u00bb show_image_overlay=\u00bboff\u00bb][\/et_pb_video_slider_item][\/et_pb_video_slider][\/et_pb_column][\/et_pb_row][et_pb_row _builder_version=\u00bb4.27.6&#8243; _module_preset=\u00bbdefault\u00bb global_colors_info=\u00bb{}\u00bb][et_pb_column type=\u00bb4_4&#8243; _builder_version=\u00bb4.27.6&#8243; _module_preset=\u00bbdefault\u00bb global_colors_info=\u00bb{}\u00bb][et_pb_cta title=\u00bb\u00bfQu\u00e9 nos est\u00e1 pasando?\u00bb button_text=\u00bbClics\u00bb _builder_version=\u00bb4.27.6&#8243; _module_preset=\u00bbdefault\u00bb global_colors_info=\u00bb{}\u00bb]<div dir=\"auto\">Vivimos hiperconectados, pero muchas veces profundamente desconectados.<\/div>\n<div dir=\"auto\"><\/div>\n<div dir=\"auto\">Las redes sociales se han llenado de agresividad, descalificaci\u00f3n y violencia emocional.<\/div>\n<div dir=\"auto\">El cansancio, la ansiedad y la indiferencia afectan nuestras relaciones personales, familiares y laborales.<\/div>\n<div dir=\"auto\"><\/div>\n<div dir=\"auto\">Y poco a poco comenzamos a normalizar el mal trato.<\/div>[\/et_pb_cta][et_pb_testimonial portrait_url=\u00bbdata:image\/svg+xml;base64,PHN2ZyB3aWR0aD0iNTAwIiBoZWlnaHQ9IjUwMCIgdmlld0JveD0iMCAwIDUwMCA1MDAiIHhtbG5zPSJodHRwOi8vd3d3LnczLm9yZy8yMDAwL3N2ZyI+CiAgICA8ZyBmaWxsPSJub25lIiBmaWxsLXJ1bGU9ImV2ZW5vZGQiPgogICAgICAgIDxwYXRoIGZpbGw9IiNFQkVCRUIiIGQ9Ik0wIDBoNTAwdjUwMEgweiIvPgogICAgICAgIDxyZWN0IGZpbGwtb3BhY2l0eT0iLjEiIGZpbGw9IiMwMDAiIHg9IjY4IiB5PSIzMDUiIHdpZHRoPSIzNjQiIGhlaWdodD0iNTY4IiByeD0iMTgyIi8+CiAgICAgICAgPGNpcmNsZSBmaWxsLW9wYWNpdHk9Ii4xIiBmaWxsPSIjMDAwIiBjeD0iMjQ5IiBjeT0iMTcyIiByPSIxMDAiLz4KICAgIDwvZz4KPC9zdmc+Cg==\u00bb portrait_width=\u00bb1px\u00bb portrait_height=\u00bb1px\u00bb _builder_version=\u00bb4.27.6&#8243; _module_preset=\u00bbdefault\u00bb body_quote_font_size=\u00bb27px\u00bb custom_margin=\u00bb1px||0px||false|false\u00bb custom_padding=\u00bb40px||22px||false|false\u00bb global_colors_info=\u00bb{}\u00bb]<h2><span>No queremos acostumbrarnos a una sociedad donde tratar mal sea normal.<\/span><\/h2>[\/et_pb_testimonial][\/et_pb_column][\/et_pb_row][et_pb_row _builder_version=\u00bb4.27.6&#8243; _module_preset=\u00bbdefault\u00bb hover_enabled=\u00bb0&#8243; global_colors_info=\u00bb{}\u00bb sticky_enabled=\u00bb0&#8243;][et_pb_column type=\u00bb4_4&#8243; _builder_version=\u00bb4.27.6&#8243; _module_preset=\u00bbdefault\u00bb global_colors_info=\u00bb{}\u00bb][et_pb_heading title=\u00bbRecuperar lo Humano\u00bb _builder_version=\u00bb4.27.6&#8243; _module_preset=\u00bbdefault\u00bb min_height=\u00bb55px\u00bb custom_margin=\u00bb10px||10px||false|false\u00bb global_colors_info=\u00bb{}\u00bb][\/et_pb_heading][et_pb_text _builder_version=\u00bb4.27.6&#8243; _module_preset=\u00bbdefault\u00bb custom_padding=\u00bb17px|||||\u00bb global_colors_info=\u00bb{}\u00bb]<div dir=\"auto\">Creemos que:<\/div>\n<div dir=\"auto\"><\/div>\n<ul>\n<li dir=\"auto\">El buen trato puede aprenderse<\/li>\n<li dir=\"auto\">El autocuidado es una responsabilidad colectiva<\/li>\n<li dir=\"auto\">La solidaridad transforma comunidades<\/li>\n<li dir=\"auto\">Las conversaciones crean realidad<\/li>\n<li dir=\"auto\">Un peque\u00f1o gesto puede cambiar el d\u00eda de alguien<\/li>\n<\/ul>[\/et_pb_text][\/et_pb_column][\/et_pb_row][et_pb_row _builder_version=\u00bb4.27.6&#8243; _module_preset=\u00bbdefault\u00bb column_structure=\u00bb1_3,1_3,1_3&#8243;][et_pb_column _builder_version=\u00bb4.27.6&#8243; _module_preset=\u00bbdefault\u00bb type=\u00bb1_3&#8243;][et_pb_team_member name=\u00bb%22Buen trato%22&#8243; image_url=\u00bbhttps:\/\/gestohumano.cl\/wp-content\/uploads\/2026\/05\/buentrato1.png\u00bb _builder_version=\u00bb4.27.6&#8243; _module_preset=\u00bbdefault\u00bb hover_enabled=\u00bb0&#8243; sticky_enabled=\u00bb0&#8243; header_text_align=\u00bbcenter\u00bb body_text_align=\u00bbcenter\u00bb header_font_size=\u00bb27px\u00bb global_colors_info=\u00bb{%22gcid-body-color%22:%91%22body_text_color%22,%22position_text_color%22,%22body_text_color%22,%22position_text_color%22,%22body_text_color%22,%22position_text_color%22%93,%22gcid-primary-color%22:%91%22icon_color%22,%22body_link_text_color%22,%22icon_color%22,%22body_link_text_color%22,%22icon_color%22,%22body_link_text_color%22%93}\u00bb header_text_color=\u00bb#0C71C3&#8243; header_font=\u00bb&#8211;et_global_heading_font|700|on||||||\u00bb body_font=\u00bb&#8211;et_global_body_font|&#8211;et_global_body_font_weight|on||||||\u00bb title_text=\u00bbbuentrato1&#8243;]<p><span>La forma en que hablamos puede sanar o destruir.<\/span><\/p>[\/et_pb_team_member][\/et_pb_column][et_pb_column _builder_version=\u00bb4.27.6&#8243; _module_preset=\u00bbdefault\u00bb type=\u00bb1_3&#8243;][et_pb_team_member name=\u00bb%22Autocuidado%22&#8243; image_url=\u00bbhttps:\/\/gestohumano.cl\/wp-content\/uploads\/2026\/05\/autocuidado1.png\u00bb _builder_version=\u00bb4.27.6&#8243; _module_preset=\u00bbdefault\u00bb hover_enabled=\u00bb0&#8243; sticky_enabled=\u00bb0&#8243; header_text_align=\u00bbcenter\u00bb body_text_align=\u00bbcenter\u00bb header_font_size=\u00bb27px\u00bb global_colors_info=\u00bb{%22gcid-body-color%22:%91%22body_text_color%22,%22position_text_color%22,%22body_text_color%22,%22position_text_color%22,%22body_text_color%22,%22position_text_color%22%93,%22gcid-primary-color%22:%91%22icon_color%22,%22body_link_text_color%22,%22icon_color%22,%22body_link_text_color%22,%22icon_color%22,%22body_link_text_color%22%93}\u00bb header_text_color=\u00bb#0C71C3&#8243; header_font=\u00bb&#8211;et_global_heading_font|700|on||||||\u00bb body_font=\u00bb&#8211;et_global_body_font|&#8211;et_global_body_font_weight|on||||||\u00bb title_text=\u00bbautocuidado1&#8243; locked=\u00bboff\u00bb]<p><span>No podemos sostener relaciones sanas desde el agotamiento emocional.<\/span><\/p>[\/et_pb_team_member][\/et_pb_column][et_pb_column _builder_version=\u00bb4.27.6&#8243; _module_preset=\u00bbdefault\u00bb type=\u00bb1_3&#8243;][et_pb_team_member name=\u00bb%22Solidaridad%22&#8243; image_url=\u00bbhttps:\/\/gestohumano.cl\/wp-content\/uploads\/2026\/05\/solidaridad1.png\u00bb _builder_version=\u00bb4.27.6&#8243; _module_preset=\u00bbdefault\u00bb hover_enabled=\u00bb0&#8243; sticky_enabled=\u00bb0&#8243; header_text_align=\u00bbcenter\u00bb body_text_align=\u00bbcenter\u00bb header_font_size=\u00bb27px\u00bb global_colors_info=\u00bb{%22gcid-body-color%22:%91%22body_text_color%22,%22position_text_color%22,%22body_text_color%22,%22position_text_color%22,%22body_text_color%22,%22position_text_color%22%93,%22gcid-primary-color%22:%91%22icon_color%22,%22body_link_text_color%22,%22icon_color%22,%22body_link_text_color%22,%22icon_color%22,%22body_link_text_color%22%93}\u00bb header_text_color=\u00bb#0C71C3&#8243; header_font=\u00bb&#8211;et_global_heading_font|700|on||||||\u00bb body_font=\u00bb&#8211;et_global_body_font|&#8211;et_global_body_font_weight|on||||||\u00bb title_text=\u00bbsolidaridad1&#8243; locked=\u00bboff\u00bb]<p><span>Nadie se salva solo. Necesitamos volver a mirarnos.<\/span><\/p>[\/et_pb_team_member][\/et_pb_column][\/et_pb_row][\/et_pb_section]\n","protected":false},"excerpt":{"rendered":"<p>Un peque\u00f1o gesto humano puede cambiarlo todo. Estamos rodeados de estr\u00e9s, agresividad y desconexi\u00f3n. Queremos impulsar una cultura de buen trato, autocuidado y solidaridad entre las personas. Porque la forma en que nos tratamos construye el mundo en que vivimos. Vivimos hiperconectados, pero muchas veces profundamente desconectados. Las redes sociales se han llenado de agresividad, [&hellip;]<\/p>\n","protected":false},"author":2,"featured_media":0,"parent":0,"menu_order":0,"comment_status":"closed","ping_status":"closed","template":"","meta":{"_et_pb_use_builder":"on","_et_pb_old_content":"","_et_gb_content_width":"","footnotes":""},"class_list":["post-59","page","type-page","status-publish","hentry"],"_links":{"self":[{"href":"https:\/\/gestohumano.cl\/index.php?rest_route=\/wp\/v2\/pages\/59","targetHints":{"allow":["GET"]}}],"collection":[{"href":"https:\/\/gestohumano.cl\/index.php?rest_route=\/wp\/v2\/pages"}],"about":[{"href":"https:\/\/gestohumano.cl\/index.php?rest_route=\/wp\/v2\/types\/page"}],"author":[{"embeddable":true,"href":"https:\/\/gestohumano.cl\/index.php?rest_route=\/wp\/v2\/users\/2"}],"replies":[{"embeddable":true,"href":"https:\/\/gestohumano.cl\/index.php?rest_route=%2Fwp%2Fv2%2Fcomments&post=59"}],"version-history":[{"count":6,"href":"https:\/\/gestohumano.cl\/index.php?rest_route=\/wp\/v2\/pages\/59\/revisions"}],"predecessor-version":[{"id":85,"href":"https:\/\/gestohumano.cl\/index.php?rest_route=\/wp\/v2\/pages\/59\/revisions\/85"}],"wp:attachment":[{"href":"https:\/\/gestohumano.cl\/index.php?rest_route=%2Fwp%2Fv2%2Fmedia&parent=59"}],"curies":[{"name":"wp","href":"https:\/\/api.w.org\/{rel}","templated":true}]}}